{"id":2324,"date":"2018-09-19T10:33:56","date_gmt":"2018-09-19T08:33:56","guid":{"rendered":"https:\/\/mipergola.com\/?post_type=product&#038;p=2324"},"modified":"2018-09-24T09:43:28","modified_gmt":"2018-09-24T07:43:28","slug":"pergola-cuatro-aguas","status":"publish","type":"product","link":"https:\/\/mipergola.com\/?product=pergola-cuatro-aguas","title":{"rendered":"P\u00e9rgola cuatro aguas"},"content":{"rendered":"<p>Estas p\u00e9rgolas se pueden colocar con lona plastificada si queremos que sea impermeable.<br \/>\nTambien podemos acompa\u00f1ar esta p\u00e9rgola con una lona microperforada.<br \/>\nMEDIDAS (fondo x ancho)<br \/>\n350 X 350          400 X 400         350 X 450<\/p>\n","protected":false},"excerpt":{"rendered":"<p>Estas p\u00e9rgolas se pueden colocar con lona plastificada si queremos que sea impermeable. Tambien podemos acompa\u00f1ar esta p\u00e9rgola con una lona microperforada. MEDIDAS (fondo x ancho) 350 X 350 400 X 400 350 X 450<\/p>\n","protected":false},"featured_media":1574,"comment_status":"open","ping_status":"closed","template":"","meta":[],"product_brand":[],"product_cat":[518],"product_tag":[],"class_list":{"0":"post-2324","1":"product","2":"type-product","3":"status-publish","4":"has-post-thumbnail","6":"product_cat-pergolas","8":"first","9":"instock","10":"shipping-taxable","11":"product-type-simple","12":"prodpage-style2"},"aioseo_notices":[],"_links":{"self":[{"href":"https:\/\/mipergola.com\/index.php?rest_route=\/wp\/v2\/product\/2324","targetHints":{"allow":["GET"]}}],"collection":[{"href":"https:\/\/mipergola.com\/index.php?rest_route=\/wp\/v2\/product"}],"about":[{"href":"https:\/\/mipergola.com\/index.php?rest_route=\/wp\/v2\/types\/product"}],"replies":[{"embeddable":true,"href":"https:\/\/mipergola.com\/index.php?rest_route=%2Fwp%2Fv2%2Fcomments&post=2324"}],"wp:featuredmedia":[{"embeddable":true,"href":"https:\/\/mipergola.com\/index.php?rest_route=\/wp\/v2\/media\/1574"}],"wp:attachment":[{"href":"https:\/\/mipergola.com\/index.php?rest_route=%2Fwp%2Fv2%2Fmedia&parent=2324"}],"wp:term":[{"taxonomy":"product_brand","embeddable":true,"href":"https:\/\/mipergola.com\/index.php?rest_route=%2Fwp%2Fv2%2Fproduct_brand&post=2324"},{"taxonomy":"product_cat","embeddable":true,"href":"https:\/\/mipergola.com\/index.php?rest_route=%2Fwp%2Fv2%2Fproduct_cat&post=2324"},{"taxonomy":"product_tag","embeddable":true,"href":"https:\/\/mipergola.com\/index.php?rest_route=%2Fwp%2Fv2%2Fproduct_tag&post=2324"}],"curies":[{"name":"wp","href":"https:\/\/api.w.org\/{rel}","templated":true}]}}