{"id":1590,"date":"2018-05-24T10:33:06","date_gmt":"2018-05-24T10:33:06","guid":{"rendered":"https:\/\/mipergola.com\/?post_type=product&#038;p=1590"},"modified":"2019-09-03T15:40:22","modified_gmt":"2019-09-03T13:40:22","slug":"acrilicos-para-pergolas","status":"publish","type":"product","link":"https:\/\/mipergola.com\/?product=acrilicos-para-pergolas","title":{"rendered":"Acr\u00edlicos para p\u00e9rgolas"},"content":{"rendered":"<p>Los colores en las lonas acr\u00edlicas perduran durante mucho tiempo sin perder su tonalidad, evitan la aparici\u00f3n de hongos y moho, son totalmente transpirables y al mismo tiempo son impermeables al agua.<\/p>\n","protected":false},"excerpt":{"rendered":"<p>Los colores en las lonas acr\u00edlicas perduran durante mucho tiempo sin perder su tonalidad, evitan la aparici\u00f3n de hongos y moho, son totalmente transpirables y al mismo tiempo son impermeables al agua.<\/p>\n","protected":false},"featured_media":1608,"comment_status":"open","ping_status":"closed","template":"","meta":[],"product_brand":[],"product_cat":[523],"product_tag":[],"class_list":{"0":"post-1590","1":"product","2":"type-product","3":"status-publish","4":"has-post-thumbnail","6":"product_cat-toldos","8":"first","9":"instock","10":"shipping-taxable","11":"product-type-simple","12":"prodpage-style2"},"aioseo_notices":[],"_links":{"self":[{"href":"https:\/\/mipergola.com\/index.php?rest_route=\/wp\/v2\/product\/1590","targetHints":{"allow":["GET"]}}],"collection":[{"href":"https:\/\/mipergola.com\/index.php?rest_route=\/wp\/v2\/product"}],"about":[{"href":"https:\/\/mipergola.com\/index.php?rest_route=\/wp\/v2\/types\/product"}],"replies":[{"embeddable":true,"href":"https:\/\/mipergola.com\/index.php?rest_route=%2Fwp%2Fv2%2Fcomments&post=1590"}],"wp:featuredmedia":[{"embeddable":true,"href":"https:\/\/mipergola.com\/index.php?rest_route=\/wp\/v2\/media\/1608"}],"wp:attachment":[{"href":"https:\/\/mipergola.com\/index.php?rest_route=%2Fwp%2Fv2%2Fmedia&parent=1590"}],"wp:term":[{"taxonomy":"product_brand","embeddable":true,"href":"https:\/\/mipergola.com\/index.php?rest_route=%2Fwp%2Fv2%2Fproduct_brand&post=1590"},{"taxonomy":"product_cat","embeddable":true,"href":"https:\/\/mipergola.com\/index.php?rest_route=%2Fwp%2Fv2%2Fproduct_cat&post=1590"},{"taxonomy":"product_tag","embeddable":true,"href":"https:\/\/mipergola.com\/index.php?rest_route=%2Fwp%2Fv2%2Fproduct_tag&post=1590"}],"curies":[{"name":"wp","href":"https:\/\/api.w.org\/{rel}","templated":true}]}}