{"id":1511,"date":"2018-05-23T12:52:08","date_gmt":"2018-05-23T12:52:08","guid":{"rendered":"https:\/\/mipergola.com\/?post_type=product&#038;p=1511"},"modified":"2018-05-24T09:41:33","modified_gmt":"2018-05-24T09:41:33","slug":"panel-sandwich","status":"publish","type":"product","link":"https:\/\/mipergola.com\/?product=panel-sandwich","title":{"rendered":"Panel sandwich"},"content":{"rendered":"<p><b>El panel s\u00e1ndwich se utiliza para cubiertas que requieran un alto nivel de aislamiento t\u00e9rmico. Es especialmente indicado para cerramientos o habitaciones. Est\u00e1 formado por tres capas. La capa inferior es de duelas de abeto de 13 mm de espesor que se tintan en el color de la p\u00e9rgola. La capa intermedia es de poliestireno estruido de alta densidad y 50 mm de espesor. La capa superior es de aglomerado hidr\u00f3fugo de 16 mm de espesor.\u00a0 Sobre el panel s\u00e1ndwich se coloca una l\u00e1mina bituminosa impermeable para evitar filtraciones de agua y sobre \u00e9sta l\u00e1mina se coloca la t\u00e9gola americana tipo teja.\u00a0 La t\u00e9gola americana se puede elegir entre redonda y cuadrada y en colores negro rojo y marr\u00f3n.<\/b><\/p>\n","protected":false},"excerpt":{"rendered":"<p>El panel s\u00e1ndwich se utiliza para cubiertas que requieran un alto nivel de aislamiento t\u00e9rmico. Es especialmente indicado para cerramientos o habitaciones. Est\u00e1 formado por tres capas. La capa inferior es de duelas de abeto de 13 mm de espesor que se tintan en el color de la p\u00e9rgola. La capa intermedia es de poliestireno<\/p>\n","protected":false},"featured_media":1556,"comment_status":"open","ping_status":"closed","template":"","meta":[],"product_brand":[],"product_cat":[522],"product_tag":[],"class_list":{"0":"post-1511","1":"product","2":"type-product","3":"status-publish","4":"has-post-thumbnail","6":"product_cat-cubiertas","8":"first","9":"instock","10":"shipping-taxable","11":"product-type-simple","12":"prodpage-style2"},"aioseo_notices":[],"_links":{"self":[{"href":"https:\/\/mipergola.com\/index.php?rest_route=\/wp\/v2\/product\/1511","targetHints":{"allow":["GET"]}}],"collection":[{"href":"https:\/\/mipergola.com\/index.php?rest_route=\/wp\/v2\/product"}],"about":[{"href":"https:\/\/mipergola.com\/index.php?rest_route=\/wp\/v2\/types\/product"}],"replies":[{"embeddable":true,"href":"https:\/\/mipergola.com\/index.php?rest_route=%2Fwp%2Fv2%2Fcomments&post=1511"}],"wp:featuredmedia":[{"embeddable":true,"href":"https:\/\/mipergola.com\/index.php?rest_route=\/wp\/v2\/media\/1556"}],"wp:attachment":[{"href":"https:\/\/mipergola.com\/index.php?rest_route=%2Fwp%2Fv2%2Fmedia&parent=1511"}],"wp:term":[{"taxonomy":"product_brand","embeddable":true,"href":"https:\/\/mipergola.com\/index.php?rest_route=%2Fwp%2Fv2%2Fproduct_brand&post=1511"},{"taxonomy":"product_cat","embeddable":true,"href":"https:\/\/mipergola.com\/index.php?rest_route=%2Fwp%2Fv2%2Fproduct_cat&post=1511"},{"taxonomy":"product_tag","embeddable":true,"href":"https:\/\/mipergola.com\/index.php?rest_route=%2Fwp%2Fv2%2Fproduct_tag&post=1511"}],"curies":[{"name":"wp","href":"https:\/\/api.w.org\/{rel}","templated":true}]}}