{"id":1509,"date":"2018-05-23T12:51:15","date_gmt":"2018-05-23T12:51:15","guid":{"rendered":"https:\/\/mipergola.com\/?post_type=product&#038;p=1509"},"modified":"2018-05-24T09:55:56","modified_gmt":"2018-05-24T09:55:56","slug":"suelo-madera-sintetico","status":"publish","type":"product","link":"https:\/\/mipergola.com\/?product=suelo-madera-sintetico","title":{"rendered":"Suelo madera sint\u00e9tico"},"content":{"rendered":"<table width=\"100%\">\n<tbody>\n<tr>\n<td>\n<table width=\"100%\">\n<tbody>\n<tr>\n<td>\n<table width=\"100%\">\n<tbody>\n<tr>\n<td>\n<table width=\"100%\">\n<tbody>\n<tr>\n<td>Los suelos de madera sint\u00e9tica est\u00e1n fabricados con una mezcla de part\u00edculas de madera natural y resina, lo cual le confiere una especial resistencia y durabilidad al exterior.\u00a0 Pr\u00e1cticamente no precisan de ning\u00fan tipo de cuidado especial para su mantenimiento.<\/p>\n<p>Existe un amplio abanico de posibilidades tanto de colores como de\u00a0dise\u00f1os, disponiendo de suelos \u00a0 lisos, ranurados e imitaciones de madera.<\/td>\n<\/tr>\n<\/tbody>\n<\/table>\n<\/td>\n<\/tr>\n<\/tbody>\n<\/table>\n<\/td>\n<\/tr>\n<\/tbody>\n<\/table>\n<\/td>\n<\/tr>\n<\/tbody>\n<\/table>\n<p>&nbsp;<\/p>\n","protected":false},"excerpt":{"rendered":"<p>Los suelos de madera sint\u00e9tica est\u00e1n fabricados con una mezcla de part\u00edculas de madera natural y resina, lo cual le confiere una especial resistencia y durabilidad al exterior.\u00a0 Pr\u00e1cticamente no precisan de ning\u00fan tipo de cuidado especial para su mantenimiento. Existe un amplio abanico de posibilidades tanto de colores como de\u00a0dise\u00f1os, disponiendo de suelos \u00a0<\/p>\n","protected":false},"featured_media":1566,"comment_status":"open","ping_status":"closed","template":"","meta":[],"product_brand":[],"product_cat":[521],"product_tag":[],"class_list":{"0":"post-1509","1":"product","2":"type-product","3":"status-publish","4":"has-post-thumbnail","6":"product_cat-suelos","8":"first","9":"instock","10":"shipping-taxable","11":"product-type-simple","12":"prodpage-style2"},"aioseo_notices":[],"_links":{"self":[{"href":"https:\/\/mipergola.com\/index.php?rest_route=\/wp\/v2\/product\/1509","targetHints":{"allow":["GET"]}}],"collection":[{"href":"https:\/\/mipergola.com\/index.php?rest_route=\/wp\/v2\/product"}],"about":[{"href":"https:\/\/mipergola.com\/index.php?rest_route=\/wp\/v2\/types\/product"}],"replies":[{"embeddable":true,"href":"https:\/\/mipergola.com\/index.php?rest_route=%2Fwp%2Fv2%2Fcomments&post=1509"}],"wp:featuredmedia":[{"embeddable":true,"href":"https:\/\/mipergola.com\/index.php?rest_route=\/wp\/v2\/media\/1566"}],"wp:attachment":[{"href":"https:\/\/mipergola.com\/index.php?rest_route=%2Fwp%2Fv2%2Fmedia&parent=1509"}],"wp:term":[{"taxonomy":"product_brand","embeddable":true,"href":"https:\/\/mipergola.com\/index.php?rest_route=%2Fwp%2Fv2%2Fproduct_brand&post=1509"},{"taxonomy":"product_cat","embeddable":true,"href":"https:\/\/mipergola.com\/index.php?rest_route=%2Fwp%2Fv2%2Fproduct_cat&post=1509"},{"taxonomy":"product_tag","embeddable":true,"href":"https:\/\/mipergola.com\/index.php?rest_route=%2Fwp%2Fv2%2Fproduct_tag&post=1509"}],"curies":[{"name":"wp","href":"https:\/\/api.w.org\/{rel}","templated":true}]}}