{"id":1508,"date":"2018-05-23T12:32:00","date_gmt":"2018-05-23T12:32:00","guid":{"rendered":"https:\/\/mipergola.com\/?post_type=product&#038;p=1508"},"modified":"2018-09-11T19:18:08","modified_gmt":"2018-09-11T17:18:08","slug":"cesped-artificial","status":"publish","type":"product","link":"https:\/\/mipergola.com\/?product=cesped-artificial","title":{"rendered":"C\u00e9sped Artificial"},"content":{"rendered":"<p><b>El c\u00e9sped artificial\u00a0 Verdalia\u00a0Bermuda es un c\u00e9sped de \u00faltima generaci\u00f3n que se comporta como el c\u00e9sped natural, gracias a su fibra c\u00f3ncava con nervio central que hace que el c\u00e9sped vuelva a su posici\u00f3n despu\u00e9s de ser pisado.\u00a0 Tiene una garant\u00eda de 10 a\u00f1os. Sus fibras de 35 mm de\u00a0altura\u00a0son en dos colores para darle mayor naturalidad, con 12600 puntadas por metro cuadrado y resistentes a los rayos ultravioleta.<\/b><\/p>\n","protected":false},"excerpt":{"rendered":"<p>El c\u00e9sped artificial\u00a0 Verdalia\u00a0Bermuda es un c\u00e9sped de \u00faltima generaci\u00f3n que se comporta como el c\u00e9sped natural, gracias a su fibra c\u00f3ncava con nervio central que hace que el c\u00e9sped vuelva a su posici\u00f3n despu\u00e9s de ser pisado.\u00a0 Tiene una garant\u00eda de 10 a\u00f1os. Sus fibras de 35 mm de\u00a0altura\u00a0son en dos colores para darle<\/p>\n","protected":false},"featured_media":1568,"comment_status":"open","ping_status":"closed","template":"","meta":[],"product_brand":[],"product_cat":[546],"product_tag":[],"class_list":{"0":"post-1508","1":"product","2":"type-product","3":"status-publish","4":"has-post-thumbnail","6":"product_cat-cesped","8":"first","9":"instock","10":"shipping-taxable","11":"product-type-simple","12":"prodpage-style2"},"aioseo_notices":[],"_links":{"self":[{"href":"https:\/\/mipergola.com\/index.php?rest_route=\/wp\/v2\/product\/1508","targetHints":{"allow":["GET"]}}],"collection":[{"href":"https:\/\/mipergola.com\/index.php?rest_route=\/wp\/v2\/product"}],"about":[{"href":"https:\/\/mipergola.com\/index.php?rest_route=\/wp\/v2\/types\/product"}],"replies":[{"embeddable":true,"href":"https:\/\/mipergola.com\/index.php?rest_route=%2Fwp%2Fv2%2Fcomments&post=1508"}],"wp:featuredmedia":[{"embeddable":true,"href":"https:\/\/mipergola.com\/index.php?rest_route=\/wp\/v2\/media\/1568"}],"wp:attachment":[{"href":"https:\/\/mipergola.com\/index.php?rest_route=%2Fwp%2Fv2%2Fmedia&parent=1508"}],"wp:term":[{"taxonomy":"product_brand","embeddable":true,"href":"https:\/\/mipergola.com\/index.php?rest_route=%2Fwp%2Fv2%2Fproduct_brand&post=1508"},{"taxonomy":"product_cat","embeddable":true,"href":"https:\/\/mipergola.com\/index.php?rest_route=%2Fwp%2Fv2%2Fproduct_cat&post=1508"},{"taxonomy":"product_tag","embeddable":true,"href":"https:\/\/mipergola.com\/index.php?rest_route=%2Fwp%2Fv2%2Fproduct_tag&post=1508"}],"curies":[{"name":"wp","href":"https:\/\/api.w.org\/{rel}","templated":true}]}}