{"id":1504,"date":"2018-05-23T11:52:52","date_gmt":"2018-05-23T11:52:52","guid":{"rendered":"https:\/\/mipergola.com\/?post_type=product&#038;p=1504"},"modified":"2018-05-24T10:18:11","modified_gmt":"2018-05-24T10:18:11","slug":"clasica","status":"publish","type":"product","link":"https:\/\/mipergola.com\/?product=clasica","title":{"rendered":"Cl\u00e1sica"},"content":{"rendered":"<p>Este modelo de p\u00e9rgola es sin duda el m\u00e1s vendido, ya que combina perfectamente con casi cualquier estilo de construcci\u00f3n y es perfecta para acoplarla a la pared a modo de porche.<\/p>\n<p>Podemos\u00a0colocar esta p\u00e9rgola tanto en ambientes r\u00fasticos como en espacios m\u00e1s modernos. Basta con elegir el tipo de terminaci\u00f3n de las vigas para que cambie su aspecto por completo. Indistintamente podemos escoger entre pecho paloma, corte recto, corte chafl\u00e1n&#8230;<\/p>\n<p>Tambi\u00e9n es un modelo de p\u00e9rgola muy adecuado para colocarle tanto un toldo como un techo de madera impermeable. En el caso del toldo hacemos unos fresados en las vigas para que las gu\u00edas de aluminio queden embutidas.\u00a0\u00a0 Para colocarle techo de madera impermeable\u00a0hay que darle el grado de inclinaci\u00f3n adecuado, para evitar problemas de filtraci\u00f3n de agua.<\/p>\n","protected":false},"excerpt":{"rendered":"<p>Este modelo de p\u00e9rgola es sin duda el m\u00e1s vendido, ya que combina perfectamente con casi cualquier estilo de construcci\u00f3n y es perfecta para acoplarla a la pared a modo de porche. Podemos\u00a0colocar esta p\u00e9rgola tanto en ambientes r\u00fasticos como en espacios m\u00e1s modernos. Basta con elegir el tipo de terminaci\u00f3n de las vigas para<\/p>\n","protected":false},"featured_media":1474,"comment_status":"open","ping_status":"closed","template":"","meta":[],"product_brand":[],"product_cat":[518],"product_tag":[],"class_list":{"0":"post-1504","1":"product","2":"type-product","3":"status-publish","4":"has-post-thumbnail","6":"product_cat-pergolas","8":"first","9":"instock","10":"shipping-taxable","11":"product-type-simple","12":"prodpage-style2"},"aioseo_notices":[],"_links":{"self":[{"href":"https:\/\/mipergola.com\/index.php?rest_route=\/wp\/v2\/product\/1504","targetHints":{"allow":["GET"]}}],"collection":[{"href":"https:\/\/mipergola.com\/index.php?rest_route=\/wp\/v2\/product"}],"about":[{"href":"https:\/\/mipergola.com\/index.php?rest_route=\/wp\/v2\/types\/product"}],"replies":[{"embeddable":true,"href":"https:\/\/mipergola.com\/index.php?rest_route=%2Fwp%2Fv2%2Fcomments&post=1504"}],"wp:featuredmedia":[{"embeddable":true,"href":"https:\/\/mipergola.com\/index.php?rest_route=\/wp\/v2\/media\/1474"}],"wp:attachment":[{"href":"https:\/\/mipergola.com\/index.php?rest_route=%2Fwp%2Fv2%2Fmedia&parent=1504"}],"wp:term":[{"taxonomy":"product_brand","embeddable":true,"href":"https:\/\/mipergola.com\/index.php?rest_route=%2Fwp%2Fv2%2Fproduct_brand&post=1504"},{"taxonomy":"product_cat","embeddable":true,"href":"https:\/\/mipergola.com\/index.php?rest_route=%2Fwp%2Fv2%2Fproduct_cat&post=1504"},{"taxonomy":"product_tag","embeddable":true,"href":"https:\/\/mipergola.com\/index.php?rest_route=%2Fwp%2Fv2%2Fproduct_tag&post=1504"}],"curies":[{"name":"wp","href":"https:\/\/api.w.org\/{rel}","templated":true}]}}